{"id":44314,"date":"2025-08-14T16:13:20","date_gmt":"2025-08-14T14:13:20","guid":{"rendered":"https:\/\/stage2.convotis.com\/es\/?page_id=44314"},"modified":"2026-04-08T12:32:50","modified_gmt":"2026-04-08T10:32:50","slug":"informacion-legal","status":"publish","type":"page","link":"https:\/\/www.convotis.com\/es\/informacion-legal\/","title":{"rendered":"Informaci\u00f3n Legal"},"content":{"rendered":"\r\n<h1 class=\"wp-block-heading\">Imprent<\/h1>\r\n\r\n\r\n\r\n<h4 class=\"wp-block-heading\">Informaci\u00f3n seg\u00fan \u00a7 5 DDG<\/h4>\r\n\r\n<p>CONVOTIS GmbH<br \/>Heinz-Fr\u00f6ling-Stra\u00dfe 15\u00a0\u00a0<br \/>51429 Bergisch Gladbach<br \/>Alemania<\/p>\r\n\r\n<h4 class=\"wp-block-heading\">Contacto<\/h4>\r\n\r\n<p><a href=\"mailto:info@convotis.com\/es?subject=Request Homepage Imprint\" target=\"_blank\" rel=\"noopener\">info@convotis.com<\/a><br \/>Tel\u00e9fono +49 211 545721 &#8211; 700<\/p>\r\n\r\n<h4 class=\"wp-block-heading\">Representado por<\/h4>\r\n\r\n<p>Jos\u00e9 Lopez, Christina Nagel<\/p>\r\n\r\n<h4 class=\"wp-block-heading\">Registro Mercantil<\/h4>\r\n\r\n<p>Tribunal de registro: Amtsgericht K\u00f6ln<br \/>Registro mercantil: HRB 95486<br \/>IVA-ID: DE345235136<\/p>\r\n\r\n<h4 class=\"wp-block-heading\">Responsable seg\u00fan \u00a7 18 P\u00e1rr. 2 MStV<\/h4>\r\n\r\n<p>Sabrina Lischka<br \/>Guglgasse 15\/4a<br \/>1110 Viena<\/p>\r\n\r\n<h4 class=\"wp-block-heading\">Resoluci\u00f3n de litigios de la UE<\/h4>\r\n\r\n<p>La Comisi\u00f3n Europea ofrece una plataforma para la resoluci\u00f3n de litigios en l\u00ednea (ODR):<br \/><a href=\"https:\/\/ec.europa.eu\/consumers\/odr\" target=\"_blank\" rel=\"noopener\">https:\/\/ec.europa.eu\/consumers\/odr<\/a><\/p>\r\n<p>No estamos dispuestos ni obligados a participar en procedimientos de resoluci\u00f3n de litigios ante una junta arbitral de consumo.<\/p>\r\n\r\n<h4 class=\"wp-block-heading\">Informaci\u00f3n sobre el seguro de responsabilidad civil<\/h4>\r\n\r\n<p>Aseguradora:<br \/>R V Versicherung AG<br \/>65189 Wiesbaden<br \/>\u00c1mbito de validez: En todo el mundo<\/p>\r\n\r\n<h4 class=\"wp-block-heading\">Lenguaje no sexista<\/h4>\r\n\r\n<p>Valoramos por igual a nuestros empleados y empleadas. Para facilitar la lectura, hemos optado por utilizar el masculino en nuestro sitio web. Todas las empleadas est\u00e1n de acuerdo con esta decisi\u00f3n, y esperamos que usted tambi\u00e9n lo est\u00e9.<\/p>\r\n\r\n<h4 class=\"wp-block-heading\">Responsabilidad por el contenido<\/h4>\r\n\r\n<p>Como proveedor de servicios, somos responsables de nuestro propio contenido en estas p\u00e1ginas de acuerdo con la legislaci\u00f3n general seg\u00fan los \u00a7\u00a7 7 a 10 DDG. Sin embargo, seg\u00fan los \u00a7\u00a7 7 a 10 DDG, no estamos obligados a controlar la informaci\u00f3n ajena transmitida o almacenada ni a investigar circunstancias que indiquen una actividad il\u00edcita.<\/p>\r\n<p>Las obligaciones de eliminar o bloquear el uso de informaci\u00f3n en virtud de la legislaci\u00f3n general no se ver\u00e1n afectadas. Sin embargo, la responsabilidad a este respecto s\u00f3lo es posible a partir del momento en que se tiene conocimiento de una infracci\u00f3n legal concreta. Si tenemos conocimiento de tales infracciones, eliminaremos inmediatamente estos contenidos.<\/p>\r\n\r\n<h4 class=\"wp-block-heading\">Responsabilidad por enlaces<\/h4>\r\n\r\n<p>Nuestro sitio web contiene enlaces a sitios web externos de terceros, sobre cuyo contenido no tenemos ninguna influencia. Por lo tanto, no podemos aceptar ninguna responsabilidad por este contenido externo. El proveedor u operador respectivo es siempre responsable del contenido de las p\u00e1ginas enlazadas. En el momento de establecer el enlace, se comprob\u00f3 que las p\u00e1ginas enlazadas no infringieran la ley. En el momento de establecer el enlace no se detectaron contenidos ilegales.<\/p>\r\n<p>Sin embargo, el control permanente del contenido de las p\u00e1ginas enlazadas no es razonable sin pruebas concretas de una infracci\u00f3n de la ley. Si tenemos conocimiento de alguna infracci\u00f3n legal, eliminaremos dichos enlaces inmediatamente.<\/p>\r\n\r\n<h4 class=\"wp-block-heading\">Derechos de autor<\/h4>\r\n\r\n<p>Los contenidos y obras creados por los operadores del sitio en estas p\u00e1ginas est\u00e1n sujetos a la legislaci\u00f3n alemana sobre derechos de autor. La reproducci\u00f3n, el procesamiento, la distribuci\u00f3n y cualquier tipo de uso fuera de los l\u00edmites de la ley de derechos de autor requieren el consentimiento por escrito del respectivo autor o creador.<\/p>\r\n<p>Las descargas y copias de este sitio s\u00f3lo est\u00e1n permitidas para uso privado y no comercial. En la medida en que el contenido de este sitio no haya sido creado por el operador, se respetan los derechos de autor de terceros. Los contenidos de terceros est\u00e1n marcados como tales. Si aun as\u00ed detecta una infracci\u00f3n de los derechos de autor, le rogamos que nos lo comunique. En cuanto tengamos conocimiento de infracciones legales, eliminaremos dichos contenidos inmediatamente.<\/p>\r\n\r\n<h4 class=\"wp-block-heading\">Derechos de imagen<\/h4>\r\n\r\n<p>Adobe Stock<\/p>\r\n\r\n<h4 class=\"wp-block-heading\">Grupo CONVOTIS<\/h4>\r\n\r\n\r\n\r\n<h5 class=\"wp-block-heading\">Alemania<\/h5>\r\n\r\n<p>CONVOTIS GmbH, Heinz-Fr\u00f6ling-Stra\u00dfe 15, 51429 Bergisch Gladbach, HRB 95486, VAT-ID: DE345235136<br \/>CONVOTIS Deutschland GmbH, Max-Eyth-Stra\u00dfe 21, 72622 N\u00fcrtingen, HRB 225678, VAT-ID: DE813780852<br \/>CONVOTIS K\u00f6ln GmbH, Heinz-Fr\u00f6ling-Stra\u00dfe 15, 51429 Bergisch Gladbach, HRB 45686, VAT-ID: DE121979743<br \/>CONVOTIS M\u00fcnster GmbH, Robert-Bosch-Stra\u00dfe 17a, 48153 M\u00fcnster, HRB 10519, VAT-ID: DE208339572<br \/>CONVOTIS atypisch GmbH, Max-Eyth-Stra\u00dfe 19-21, 72622 N\u00fcrtingen, HRB 754167, VAT-ID: DE302334437<br \/>CONVOTIS Freiburg AG, Heinrich-von-Stephan-Stra\u00dfe 20, 79100 Freiburg, HRB 712362, VAT-ID: DE129456095<br \/>CONVOTIS CS GmbH, Heinrich-von-Stephan-Stra\u00dfe 20, 79100 Freiburg, HRB 717133, VAT-ID: DE315939468<\/p>\r\n\r\n<h5 class=\"wp-block-heading\">Austria<\/h5>\r\n\r\n<p>CONVOTIS Holding Austria GmbH, Guglgasse 15\/4a, 1110 Wien, FN 486357g, USt-ID: ATU77648404<br \/>CONVOTIS Services GmbH, Guglgasse 15\/4a, 1110 Wien, FN 239937z, USt-ID: ATU57400100<\/p>\r\n\r\n<h5 class=\"wp-block-heading\">Suiza<\/h5>\r\n\r\n<p>CONVOTIS Schweiz AG, Riedstra\u00dfe 1, 6343 Rotkreuz, EHRA-ID 418941, CIF: CHE-104.056.945<\/p>\r\n<h5>Espa\u00f1a<\/h5>\r\n<p>CONVOTIS Iberia SL, C. Severo Ochoa 46, planta 2, 03203 Elche, Alicante, CIF: B42617829, VAT-ID: ESB42617829<br \/>CONVOTIS Advanced Center SL, C. Severo Ochoa 46, planta 2, 03203 Elche, Alicante, CIF: B42549303, IVA-ID: ESB42549303<br \/>CONVOTIS Gestion SL, C. Severo Ochoa 46, planta 2, 03203 Elche, Alicante, CIF: B42614982, VAT-ID: ESB42614982<\/p>\r\n\r\n<h5 class=\"wp-block-heading\">Luxembourg<\/h5>\r\n\r\n<p>CONVOTIS Financial Solutions S.\u00e0 r.l., 2 rue Edward Steichen, 2540 Luxembourg, RCS B209774, VAT-ID: LU28867649<\/p>\r\n<p>&nbsp;<\/p>\r\n<p>&nbsp;<\/p>","protected":false},"excerpt":{"rendered":"<p>Imprent Informaci\u00f3n seg\u00fan \u00a7 5 DDG CONVOTIS GmbHHeinz-Fr\u00f6ling-Stra\u00dfe 15\u00a0\u00a051429 Bergisch GladbachAlemania Contacto info@convotis.comTel\u00e9fono +49 211 545721 &#8211; 700 Representado por Jos\u00e9 Lopez, Christina Nagel Registro Mercantil Tribunal de registro: Amtsgericht K\u00f6lnRegistro mercantil: HRB 95486IVA-ID: DE345235136 Responsable seg\u00fan \u00a7 18 P\u00e1rr. 2 MStV Sabrina LischkaGuglgasse 15\/4a1110 Viena Resoluci\u00f3n de litigios de la UE La Comisi\u00f3n Europea [&hellip;]<\/p>\n","protected":false},"author":14,"featured_media":0,"parent":0,"menu_order":0,"comment_status":"closed","ping_status":"closed","template":"","meta":{"_acf_changed":false,"content-type":"","footnotes":""},"class_list":["post-44314","page","type-page","status-publish","hentry"],"acf":[],"yoast_head":"<!-- This site is optimized with the Yoast SEO Premium plugin v27.4 (Yoast SEO v27.4) - https:\/\/yoast.com\/product\/yoast-seo-premium-wordpress\/ -->\n<title>Informaci\u00f3n Legal - CONVOTIS Iberia<\/title>\n<meta name=\"description\" content=\"Encuentre informaci\u00f3n jur\u00eddica en el pie de imprenta del sitio web de CONVOTIS. Todos los detalles jur\u00eddicos de un vistazo.\" \/>\n<meta name=\"robots\" content=\"index, follow, max-snippet:-1, max-image-preview:large, max-video-preview:-1\" \/>\n<link rel=\"canonical\" href=\"https:\/\/www.convotis.com\/es\/informacion-legal\/\" \/>\n<meta property=\"og:locale\" content=\"en_US\" \/>\n<meta property=\"og:type\" content=\"article\" \/>\n<meta property=\"og:title\" content=\"Informaci\u00f3n Legal - CONVOTIS Iberia\" \/>\n<meta property=\"og:description\" content=\"Encuentre informaci\u00f3n jur\u00eddica en el pie de imprenta del sitio web de CONVOTIS. Todos los detalles jur\u00eddicos de un vistazo.\" \/>\n<meta property=\"og:url\" content=\"https:\/\/www.convotis.com\/es\/informacion-legal\/\" \/>\n<meta property=\"og:site_name\" content=\"CONVOTIS Iberia\" \/>\n<meta property=\"article:modified_time\" content=\"2026-04-08T10:32:50+00:00\" \/>\n<meta name=\"twitter:card\" content=\"summary_large_image\" \/>\n<meta name=\"twitter:label1\" content=\"Est. reading time\" \/>\n\t<meta name=\"twitter:data1\" content=\"4 minutes\" \/>\n<script type=\"application\/ld+json\" class=\"yoast-schema-graph\">{\"@context\":\"https:\\\/\\\/schema.org\",\"@graph\":[{\"@type\":\"WebPage\",\"@id\":\"https:\\\/\\\/www.convotis.com\\\/es\\\/informacion-legal\\\/\",\"url\":\"https:\\\/\\\/www.convotis.com\\\/es\\\/informacion-legal\\\/\",\"name\":\"Informaci\u00f3n Legal - CONVOTIS Iberia\",\"isPartOf\":{\"@id\":\"https:\\\/\\\/www.convotis.com\\\/es\\\/#website\"},\"datePublished\":\"2025-08-14T14:13:20+00:00\",\"dateModified\":\"2026-04-08T10:32:50+00:00\",\"description\":\"Encuentre informaci\u00f3n jur\u00eddica en el pie de imprenta del sitio web de CONVOTIS. Todos los detalles jur\u00eddicos de un vistazo.\",\"inLanguage\":\"en-US\",\"potentialAction\":[{\"@type\":\"ReadAction\",\"target\":[\"https:\\\/\\\/www.convotis.com\\\/es\\\/informacion-legal\\\/\"]}]},{\"@type\":\"WebSite\",\"@id\":\"https:\\\/\\\/www.convotis.com\\\/es\\\/#website\",\"url\":\"https:\\\/\\\/www.convotis.com\\\/es\\\/\",\"name\":\"CONVOTIS\",\"description\":\"For Europe&#039;s digital future.\",\"publisher\":{\"@id\":\"https:\\\/\\\/www.convotis.com\\\/es\\\/#organization\"},\"potentialAction\":[{\"@type\":\"SearchAction\",\"target\":{\"@type\":\"EntryPoint\",\"urlTemplate\":\"https:\\\/\\\/www.convotis.com\\\/es\\\/?s={search_term_string}\"},\"query-input\":{\"@type\":\"PropertyValueSpecification\",\"valueRequired\":true,\"valueName\":\"search_term_string\"}}],\"inLanguage\":\"en-US\"},{\"@type\":\"Organization\",\"@id\":\"https:\\\/\\\/www.convotis.com\\\/es\\\/#organization\",\"name\":\"CONVOTIS\",\"url\":\"https:\\\/\\\/www.convotis.com\\\/es\\\/\",\"logo\":{\"@type\":\"ImageObject\",\"inLanguage\":\"en-US\",\"@id\":\"https:\\\/\\\/www.convotis.com\\\/es\\\/#\\\/schema\\\/logo\\\/image\\\/\",\"url\":\"https:\\\/\\\/www.convotis.com\\\/es\\\/wp-content\\\/uploads\\\/sites\\\/3\\\/2025\\\/08\\\/Convotis_blue_cmyk300dpi-scaled.png\",\"contentUrl\":\"https:\\\/\\\/www.convotis.com\\\/es\\\/wp-content\\\/uploads\\\/sites\\\/3\\\/2025\\\/08\\\/Convotis_blue_cmyk300dpi-scaled.png\",\"width\":2560,\"height\":411,\"caption\":\"CONVOTIS\"},\"image\":{\"@id\":\"https:\\\/\\\/www.convotis.com\\\/es\\\/#\\\/schema\\\/logo\\\/image\\\/\"},\"sameAs\":[\"https:\\\/\\\/www.linkedin.com\\\/company\\\/convotis-gmbh\\\/\"]}]}<\/script>\n<!-- \/ Yoast SEO Premium plugin. -->","yoast_head_json":{"title":"Informaci\u00f3n Legal - CONVOTIS Iberia","description":"Encuentre informaci\u00f3n jur\u00eddica en el pie de imprenta del sitio web de CONVOTIS. Todos los detalles jur\u00eddicos de un vistazo.","robots":{"index":"index","follow":"follow","max-snippet":"max-snippet:-1","max-image-preview":"max-image-preview:large","max-video-preview":"max-video-preview:-1"},"canonical":"https:\/\/www.convotis.com\/es\/informacion-legal\/","og_locale":"en_US","og_type":"article","og_title":"Informaci\u00f3n Legal - CONVOTIS Iberia","og_description":"Encuentre informaci\u00f3n jur\u00eddica en el pie de imprenta del sitio web de CONVOTIS. Todos los detalles jur\u00eddicos de un vistazo.","og_url":"https:\/\/www.convotis.com\/es\/informacion-legal\/","og_site_name":"CONVOTIS Iberia","article_modified_time":"2026-04-08T10:32:50+00:00","twitter_card":"summary_large_image","twitter_misc":{"Est. reading time":"4 minutes"},"schema":{"@context":"https:\/\/schema.org","@graph":[{"@type":"WebPage","@id":"https:\/\/www.convotis.com\/es\/informacion-legal\/","url":"https:\/\/www.convotis.com\/es\/informacion-legal\/","name":"Informaci\u00f3n Legal - CONVOTIS Iberia","isPartOf":{"@id":"https:\/\/www.convotis.com\/es\/#website"},"datePublished":"2025-08-14T14:13:20+00:00","dateModified":"2026-04-08T10:32:50+00:00","description":"Encuentre informaci\u00f3n jur\u00eddica en el pie de imprenta del sitio web de CONVOTIS. Todos los detalles jur\u00eddicos de un vistazo.","inLanguage":"en-US","potentialAction":[{"@type":"ReadAction","target":["https:\/\/www.convotis.com\/es\/informacion-legal\/"]}]},{"@type":"WebSite","@id":"https:\/\/www.convotis.com\/es\/#website","url":"https:\/\/www.convotis.com\/es\/","name":"CONVOTIS","description":"For Europe&#039;s digital future.","publisher":{"@id":"https:\/\/www.convotis.com\/es\/#organization"},"potentialAction":[{"@type":"SearchAction","target":{"@type":"EntryPoint","urlTemplate":"https:\/\/www.convotis.com\/es\/?s={search_term_string}"},"query-input":{"@type":"PropertyValueSpecification","valueRequired":true,"valueName":"search_term_string"}}],"inLanguage":"en-US"},{"@type":"Organization","@id":"https:\/\/www.convotis.com\/es\/#organization","name":"CONVOTIS","url":"https:\/\/www.convotis.com\/es\/","logo":{"@type":"ImageObject","inLanguage":"en-US","@id":"https:\/\/www.convotis.com\/es\/#\/schema\/logo\/image\/","url":"https:\/\/www.convotis.com\/es\/wp-content\/uploads\/sites\/3\/2025\/08\/Convotis_blue_cmyk300dpi-scaled.png","contentUrl":"https:\/\/www.convotis.com\/es\/wp-content\/uploads\/sites\/3\/2025\/08\/Convotis_blue_cmyk300dpi-scaled.png","width":2560,"height":411,"caption":"CONVOTIS"},"image":{"@id":"https:\/\/www.convotis.com\/es\/#\/schema\/logo\/image\/"},"sameAs":["https:\/\/www.linkedin.com\/company\/convotis-gmbh\/"]}]}},"_links":{"self":[{"href":"https:\/\/www.convotis.com\/es\/wp-json\/wp\/v2\/pages\/44314","targetHints":{"allow":["GET"]}}],"collection":[{"href":"https:\/\/www.convotis.com\/es\/wp-json\/wp\/v2\/pages"}],"about":[{"href":"https:\/\/www.convotis.com\/es\/wp-json\/wp\/v2\/types\/page"}],"author":[{"embeddable":true,"href":"https:\/\/www.convotis.com\/es\/wp-json\/wp\/v2\/users\/14"}],"replies":[{"embeddable":true,"href":"https:\/\/www.convotis.com\/es\/wp-json\/wp\/v2\/comments?post=44314"}],"version-history":[{"count":20,"href":"https:\/\/www.convotis.com\/es\/wp-json\/wp\/v2\/pages\/44314\/revisions"}],"predecessor-version":[{"id":49516,"href":"https:\/\/www.convotis.com\/es\/wp-json\/wp\/v2\/pages\/44314\/revisions\/49516"}],"wp:attachment":[{"href":"https:\/\/www.convotis.com\/es\/wp-json\/wp\/v2\/media?parent=44314"}],"curies":[{"name":"wp","href":"https:\/\/api.w.org\/{rel}","templated":true}]}}