{"id":49056,"date":"2025-12-02T11:18:08","date_gmt":"2025-12-02T10:18:08","guid":{"rendered":"https:\/\/www.convotis.com\/es\/?page_id=49056"},"modified":"2025-12-02T11:23:31","modified_gmt":"2025-12-02T10:23:31","slug":"contacto","status":"publish","type":"page","link":"https:\/\/www.convotis.com\/es\/contacto\/","title":{"rendered":"Contacto_new"},"content":{"rendered":"\t\t<div data-elementor-type=\"wp-page\" data-elementor-id=\"49056\" class=\"elementor elementor-49056\" data-elementor-post-type=\"page\">\n\t\t\t\t<div class=\"elementor-element elementor-element-ad5747c e-con-full e-flex e-con e-parent\" data-id=\"ad5747c\" data-element_type=\"container\" data-e-type=\"container\">\n\t\t\t\t<div class=\"elementor-element elementor-element-43b1863 elementor-widget elementor-widget-hero-company-widget\" data-id=\"43b1863\" data-element_type=\"widget\" data-e-type=\"widget\" data-widget_type=\"hero-company-widget.default\">\n\t\t\t\t<div class=\"elementor-widget-container\">\n\t\t\t\t\t\n        \n        <div class=\"hero-company\" style=\"background-image: url(https:\/\/www.convotis.com\/es\/wp-content\/uploads\/sites\/3\/2025\/07\/Kontakt.png);\">\n                        <div class=\"hero-company-wrapper \">\n                <div class=\"container\">\n                    <div class=\"row\">\n                        <div class=\"col-12 col-xxl-10\">\n                                                            <h1 class=\"text-white font-xxl\">\n                                                                        <strong>\n                                                                                Contacto.                                                                            <\/strong>\n                                                                                                            <br>Estamos a tu disposici\u00f3n.                                                                    <\/h1>\n                                                        <div class=\"hero-description\">\n                                <p>\u00bfTienes dudas sobre nuestras soluciones o necesitas informaci\u00f3n m\u00e1s detallada? Estamos aqu\u00ed para ayudarte.<\/p>                            <\/div>\n                                                            <div class=\"d-flex flex-wrap gap-2 mb-4\">\n                                                                            <a href=\"https:\/\/www.convotis.com\/es\/contacto\/\" class=\"btn btn-light\">\n                                            Ponte en contacto                                        <\/a>\n                                    \n                                                                            <a href=\"https:\/\/www.convotis.com\/es\/soporte\" class=\"btn btn-outline-light\">\n                                            Soporte                                        <\/a>\n                                                                    <\/div>\n                                                    <\/div>\n\n                                            <\/div>\n                <\/div>\n            <\/div>\n        <\/div>\n        \t\t\t\t<\/div>\n\t\t\t\t<\/div>\n\t\t\t\t<\/div>\n\t\t<div class=\"elementor-element elementor-element-046ddff e-con-full section e-flex e-con e-parent\" data-id=\"046ddff\" data-element_type=\"container\" data-e-type=\"container\" data-settings=\"{&quot;background_background&quot;:&quot;classic&quot;}\">\n\t\t<div class=\"elementor-element elementor-element-81c0732 e-flex e-con-boxed e-con e-child\" data-id=\"81c0732\" data-element_type=\"container\" data-e-type=\"container\">\n\t\t\t\t\t<div class=\"e-con-inner\">\n\t\t<div class=\"elementor-element elementor-element-7f6d466 e-con-full e-flex e-con e-child\" data-id=\"7f6d466\" data-element_type=\"container\" data-e-type=\"container\">\n\t\t\t\t<div class=\"elementor-element elementor-element-681a379 elementor-widget elementor-widget-heading\" data-id=\"681a379\" data-element_type=\"widget\" data-e-type=\"widget\" data-widget_type=\"heading.default\">\n\t\t\t\t<div class=\"elementor-widget-container\">\n\t\t\t\t\t<h2 class=\"elementor-heading-title elementor-size-default\"><strong>Formulario de contacto<\/strong><br>\nTu contacto directo.<\/h2>\t\t\t\t<\/div>\n\t\t\t\t<\/div>\n\t\t\t\t<\/div>\n\t\t<div class=\"elementor-element elementor-element-1fecee7 e-con-full e-flex e-con e-child\" data-id=\"1fecee7\" data-element_type=\"container\" data-e-type=\"container\">\n\t\t\t\t<div class=\"elementor-element elementor-element-2d4c8a9 elementor-widget elementor-widget-text-editor\" data-id=\"2d4c8a9\" data-element_type=\"widget\" data-e-type=\"widget\" data-widget_type=\"text-editor.default\">\n\t\t\t\t<div class=\"elementor-widget-container\">\n\t\t\t\t\t\t\t\t\t<p>\u00bfTienes preguntas sobre nuestros servicios o soluciones, o quieres recibir m\u00e1s informaci\u00f3n? Nuestro equipo se pondr\u00e1 en contacto contigo y te facilitar\u00e1 todo lo que necesites.<\/p>\t\t\t\t\t\t\t\t<\/div>\n\t\t\t\t<\/div>\n\t\t\t\t<div class=\"elementor-element elementor-element-4482ca7 elementor-widget elementor-widget-menu-anchor\" data-id=\"4482ca7\" data-element_type=\"widget\" data-e-type=\"widget\" data-widget_type=\"menu-anchor.default\">\n\t\t\t\t<div class=\"elementor-widget-container\">\n\t\t\t\t\t\t\t<div class=\"elementor-menu-anchor\" id=\"contact\"><\/div>\n\t\t\t\t\t\t<\/div>\n\t\t\t\t<\/div>\n\t\t\t\t<\/div>\n\t\t\t\t\t<\/div>\n\t\t\t\t<\/div>\n\t\t<div class=\"elementor-element elementor-element-4f9aeb3 e-flex e-con-boxed e-con e-child\" data-id=\"4f9aeb3\" data-element_type=\"container\" data-e-type=\"container\">\n\t\t\t\t\t<div class=\"e-con-inner\">\n\t\t\t\t<div class=\"elementor-element elementor-element-05fede1 elementor-widget elementor-widget-shortcode\" data-id=\"05fede1\" data-element_type=\"widget\" data-e-type=\"widget\" data-widget_type=\"shortcode.default\">\n\t\t\t\t<div class=\"elementor-widget-container\">\n\t\t\t\t\t\t\t<style>\n            .elementor-element-05fede1 {\n                display: none !important;\n                height: 0 !important;\n            }\n\t\t<\/style>\n\t\t\t\t\t\t<\/div>\n\t\t\t\t<\/div>\n\t\t\t\t<div class=\"elementor-element elementor-element-20f6d20 elementor-widget elementor-widget-shortcode\" data-id=\"20f6d20\" data-element_type=\"widget\" data-e-type=\"widget\" data-widget_type=\"shortcode.default\">\n\t\t\t\t<div class=\"elementor-widget-container\">\n\t\t\t\t\t\t\t<div class=\"elementor-shortcode\">\n    <script charset=\"utf-8\" type=\"text\/javascript\" src=\"\/\/js-eu1.hsforms.net\/forms\/embed\/v2.js\"><\/script>\n    <script>\n        hbspt.forms.create({\n            portalId: \"25456651\",\n            formId: \"008f03b3-442c-4d7c-a07a-954eca34fddf\",\n            region: \"eu1\"\n        });\n    <\/script>\n\n    <\/div>\n\t\t\t\t\t\t<\/div>\n\t\t\t\t<\/div>\n\t\t\t\t\t<\/div>\n\t\t\t\t<\/div>\n\t\t\t\t<\/div>\n\t\t\t\t<\/div>\n\t\t","protected":false},"excerpt":{"rendered":"<p>Contacto. Estamos a tu disposici\u00f3n. \u00bfTienes dudas sobre nuestras soluciones o necesitas informaci\u00f3n m\u00e1s detallada? Estamos aqu\u00ed para ayudarte. Ponte en contacto Soporte Formulario de contacto Tu contacto directo. \u00bfTienes preguntas sobre nuestros servicios o soluciones, o quieres recibir m\u00e1s informaci\u00f3n? Nuestro equipo se pondr\u00e1 en contacto contigo y te facilitar\u00e1 todo lo que necesites.<\/p>\n","protected":false},"author":3,"featured_media":0,"parent":0,"menu_order":0,"comment_status":"closed","ping_status":"closed","template":"elementor_header_footer","meta":{"_acf_changed":false,"content-type":"","footnotes":""},"class_list":["post-49056","page","type-page","status-publish","hentry"],"acf":[],"yoast_head":"<!-- This site is optimized with the Yoast SEO Premium plugin v27.4 (Yoast SEO v27.4) - https:\/\/yoast.com\/product\/yoast-seo-premium-wordpress\/ -->\n<title>Contacto | CONVOTIS \u2013 Tu contacto con nosotros<\/title>\n<meta name=\"description\" content=\"Ponte en contacto. Para consultas de proyectos, colaboraciones o preguntas, env\u00edanos tu mensaje a trav\u00e9s del formulario.\" \/>\n<meta name=\"robots\" content=\"index, follow, max-snippet:-1, max-image-preview:large, max-video-preview:-1\" \/>\n<link rel=\"canonical\" href=\"https:\/\/www.convotis.com\/es\/contacto\/\" \/>\n<meta property=\"og:locale\" content=\"en_US\" \/>\n<meta property=\"og:type\" content=\"article\" \/>\n<meta property=\"og:title\" content=\"Contacto | CONVOTIS \u2013 Tu contacto con nosotros\" \/>\n<meta property=\"og:description\" content=\"Ponte en contacto. Para consultas de proyectos, colaboraciones o preguntas, env\u00edanos tu mensaje a trav\u00e9s del formulario.\" \/>\n<meta property=\"og:url\" content=\"https:\/\/www.convotis.com\/es\/contacto\/\" \/>\n<meta property=\"og:site_name\" content=\"CONVOTIS Iberia\" \/>\n<meta property=\"article:modified_time\" content=\"2025-12-02T10:23:31+00:00\" \/>\n<meta name=\"twitter:card\" content=\"summary_large_image\" \/>\n<meta name=\"twitter:label1\" content=\"Est. reading time\" \/>\n\t<meta name=\"twitter:data1\" content=\"1 minute\" \/>\n<script type=\"application\/ld+json\" class=\"yoast-schema-graph\">{\"@context\":\"https:\\\/\\\/schema.org\",\"@graph\":[{\"@type\":\"WebPage\",\"@id\":\"https:\\\/\\\/www.convotis.com\\\/es\\\/contacto\\\/\",\"url\":\"https:\\\/\\\/www.convotis.com\\\/es\\\/contacto\\\/\",\"name\":\"Contacto | CONVOTIS \u2013 Tu contacto con nosotros\",\"isPartOf\":{\"@id\":\"https:\\\/\\\/www.convotis.com\\\/es\\\/#website\"},\"datePublished\":\"2025-12-02T10:18:08+00:00\",\"dateModified\":\"2025-12-02T10:23:31+00:00\",\"description\":\"Ponte en contacto. Para consultas de proyectos, colaboraciones o preguntas, env\u00edanos tu mensaje a trav\u00e9s del formulario.\",\"inLanguage\":\"en-US\",\"potentialAction\":[{\"@type\":\"ReadAction\",\"target\":[\"https:\\\/\\\/www.convotis.com\\\/es\\\/contacto\\\/\"]}]},{\"@type\":\"WebSite\",\"@id\":\"https:\\\/\\\/www.convotis.com\\\/es\\\/#website\",\"url\":\"https:\\\/\\\/www.convotis.com\\\/es\\\/\",\"name\":\"CONVOTIS\",\"description\":\"For Europe&#039;s digital future.\",\"publisher\":{\"@id\":\"https:\\\/\\\/www.convotis.com\\\/es\\\/#organization\"},\"potentialAction\":[{\"@type\":\"SearchAction\",\"target\":{\"@type\":\"EntryPoint\",\"urlTemplate\":\"https:\\\/\\\/www.convotis.com\\\/es\\\/?s={search_term_string}\"},\"query-input\":{\"@type\":\"PropertyValueSpecification\",\"valueRequired\":true,\"valueName\":\"search_term_string\"}}],\"inLanguage\":\"en-US\"},{\"@type\":\"Organization\",\"@id\":\"https:\\\/\\\/www.convotis.com\\\/es\\\/#organization\",\"name\":\"CONVOTIS\",\"url\":\"https:\\\/\\\/www.convotis.com\\\/es\\\/\",\"logo\":{\"@type\":\"ImageObject\",\"inLanguage\":\"en-US\",\"@id\":\"https:\\\/\\\/www.convotis.com\\\/es\\\/#\\\/schema\\\/logo\\\/image\\\/\",\"url\":\"https:\\\/\\\/www.convotis.com\\\/es\\\/wp-content\\\/uploads\\\/sites\\\/3\\\/2025\\\/08\\\/Convotis_blue_cmyk300dpi-scaled.png\",\"contentUrl\":\"https:\\\/\\\/www.convotis.com\\\/es\\\/wp-content\\\/uploads\\\/sites\\\/3\\\/2025\\\/08\\\/Convotis_blue_cmyk300dpi-scaled.png\",\"width\":2560,\"height\":411,\"caption\":\"CONVOTIS\"},\"image\":{\"@id\":\"https:\\\/\\\/www.convotis.com\\\/es\\\/#\\\/schema\\\/logo\\\/image\\\/\"},\"sameAs\":[\"https:\\\/\\\/www.linkedin.com\\\/company\\\/convotis-gmbh\\\/\"]}]}<\/script>\n<!-- \/ Yoast SEO Premium plugin. -->","yoast_head_json":{"title":"Contacto | CONVOTIS \u2013 Tu contacto con nosotros","description":"Ponte en contacto. Para consultas de proyectos, colaboraciones o preguntas, env\u00edanos tu mensaje a trav\u00e9s del formulario.","robots":{"index":"index","follow":"follow","max-snippet":"max-snippet:-1","max-image-preview":"max-image-preview:large","max-video-preview":"max-video-preview:-1"},"canonical":"https:\/\/www.convotis.com\/es\/contacto\/","og_locale":"en_US","og_type":"article","og_title":"Contacto | CONVOTIS \u2013 Tu contacto con nosotros","og_description":"Ponte en contacto. Para consultas de proyectos, colaboraciones o preguntas, env\u00edanos tu mensaje a trav\u00e9s del formulario.","og_url":"https:\/\/www.convotis.com\/es\/contacto\/","og_site_name":"CONVOTIS Iberia","article_modified_time":"2025-12-02T10:23:31+00:00","twitter_card":"summary_large_image","twitter_misc":{"Est. reading time":"1 minute"},"schema":{"@context":"https:\/\/schema.org","@graph":[{"@type":"WebPage","@id":"https:\/\/www.convotis.com\/es\/contacto\/","url":"https:\/\/www.convotis.com\/es\/contacto\/","name":"Contacto | CONVOTIS \u2013 Tu contacto con nosotros","isPartOf":{"@id":"https:\/\/www.convotis.com\/es\/#website"},"datePublished":"2025-12-02T10:18:08+00:00","dateModified":"2025-12-02T10:23:31+00:00","description":"Ponte en contacto. Para consultas de proyectos, colaboraciones o preguntas, env\u00edanos tu mensaje a trav\u00e9s del formulario.","inLanguage":"en-US","potentialAction":[{"@type":"ReadAction","target":["https:\/\/www.convotis.com\/es\/contacto\/"]}]},{"@type":"WebSite","@id":"https:\/\/www.convotis.com\/es\/#website","url":"https:\/\/www.convotis.com\/es\/","name":"CONVOTIS","description":"For Europe&#039;s digital future.","publisher":{"@id":"https:\/\/www.convotis.com\/es\/#organization"},"potentialAction":[{"@type":"SearchAction","target":{"@type":"EntryPoint","urlTemplate":"https:\/\/www.convotis.com\/es\/?s={search_term_string}"},"query-input":{"@type":"PropertyValueSpecification","valueRequired":true,"valueName":"search_term_string"}}],"inLanguage":"en-US"},{"@type":"Organization","@id":"https:\/\/www.convotis.com\/es\/#organization","name":"CONVOTIS","url":"https:\/\/www.convotis.com\/es\/","logo":{"@type":"ImageObject","inLanguage":"en-US","@id":"https:\/\/www.convotis.com\/es\/#\/schema\/logo\/image\/","url":"https:\/\/www.convotis.com\/es\/wp-content\/uploads\/sites\/3\/2025\/08\/Convotis_blue_cmyk300dpi-scaled.png","contentUrl":"https:\/\/www.convotis.com\/es\/wp-content\/uploads\/sites\/3\/2025\/08\/Convotis_blue_cmyk300dpi-scaled.png","width":2560,"height":411,"caption":"CONVOTIS"},"image":{"@id":"https:\/\/www.convotis.com\/es\/#\/schema\/logo\/image\/"},"sameAs":["https:\/\/www.linkedin.com\/company\/convotis-gmbh\/"]}]}},"_links":{"self":[{"href":"https:\/\/www.convotis.com\/es\/wp-json\/wp\/v2\/pages\/49056","targetHints":{"allow":["GET"]}}],"collection":[{"href":"https:\/\/www.convotis.com\/es\/wp-json\/wp\/v2\/pages"}],"about":[{"href":"https:\/\/www.convotis.com\/es\/wp-json\/wp\/v2\/types\/page"}],"author":[{"embeddable":true,"href":"https:\/\/www.convotis.com\/es\/wp-json\/wp\/v2\/users\/3"}],"replies":[{"embeddable":true,"href":"https:\/\/www.convotis.com\/es\/wp-json\/wp\/v2\/comments?post=49056"}],"version-history":[{"count":16,"href":"https:\/\/www.convotis.com\/es\/wp-json\/wp\/v2\/pages\/49056\/revisions"}],"predecessor-version":[{"id":49144,"href":"https:\/\/www.convotis.com\/es\/wp-json\/wp\/v2\/pages\/49056\/revisions\/49144"}],"wp:attachment":[{"href":"https:\/\/www.convotis.com\/es\/wp-json\/wp\/v2\/media?parent=49056"}],"curies":[{"name":"wp","href":"https:\/\/api.w.org\/{rel}","templated":true}]}}