{"id":8375,"date":"2022-09-28T11:28:49","date_gmt":"2022-09-28T09:28:49","guid":{"rendered":"https:\/\/stage2.convotis.com\/es\/?page_id=8375"},"modified":"2026-04-08T12:32:35","modified_gmt":"2026-04-08T10:32:35","slug":"imprint","status":"publish","type":"page","link":"https:\/\/www.convotis.com\/es\/en\/imprint\/","title":{"rendered":"Imprint"},"content":{"rendered":"\r\n<h1 class=\"wp-block-heading\">Imprint<\/h1>\r\n\r\n\r\n\r\n<h4 class=\"wp-block-heading\">Information according to \u00a7 5 DDG<\/h4>\r\n\r\n<p>CONVOTIS GmbH<br \/>Heinz-Fr\u00f6ling-Stra\u00dfe 15\u00a0\u00a0<br \/>51429 Bergisch Gladbach<br \/>Germany<\/p>\r\n\r\n<h4 class=\"wp-block-heading\">Contact<\/h4>\r\n\r\n<p><a href=\"mailto:info@convotis.com\/es?subject=Request%20Homepage%20Imprint\" target=\"_blank\" rel=\"noopener\">info@convotis.com<\/a><br \/>Phone +49 211 545721 \u2013 700<\/p>\r\n\r\n<h4 class=\"wp-block-heading\">Represented by<\/h4>\r\n\r\n<p>Jos\u00e9 Lopez, Christina Nagel<\/p>\r\n\r\n<h4 class=\"wp-block-heading\">Commercial Register<\/h4>\r\n\r\n<p>Registry court: Amtsgericht K\u00f6ln<br \/>Commercial register: HRB 95486<br \/>VAT-ID: DE345235136<\/p>\r\n\r\n<h4 class=\"wp-block-heading\">Responsible under \u00a7 18 Para. 2 MStV<\/h4>\r\n\r\n<p>Sabrina Lischka<br \/>Guglgasse 15\/4a<br \/>1110 Vienna<\/p>\r\n\r\n<h4 class=\"wp-block-heading\">EU Dispute Resolution<\/h4>\r\n\r\n<p>The European Commission provides a platform for online dispute resolution (ODR):<br \/><a href=\"https:\/\/ec.europa.eu\/consumers\/odr\" target=\"_blank\" rel=\"noopener\">https:\/\/ec.europa.eu\/consumers\/odr<\/a><\/p>\r\n<p>We are not willing or obliged to participate in dispute resolution proceedings before a consumer arbitration board.<\/p>\r\n\r\n<h4 class=\"wp-block-heading\">Information on Public Liability Insurance<\/h4>\r\n\r\n<p>Insurer:<br \/>R+V Versicherung AG<br \/>65189 Wiesbaden<br \/>Area of validity: Worldwide<\/p>\r\n\r\n<h4 class=\"wp-block-heading\">Gender-Fair Language<\/h4>\r\n\r\n<p>We value our male and female employees equally. For easier reading, we have chosen to use the masculine form on our website. All female employees have agreed with this decision \u2013 and we hope you do too.<\/p>\r\n\r\n<h4 class=\"wp-block-heading\">Liability for Content<\/h4>\r\n\r\n<p>As a service provider, we are responsible for our own content on these pages in accordance with general legislation pursuant to Sections 7 to 10 DDG. According to Sections 7 to 10 DDG, however, we are not obligated to monitor transmitted or stored third-party information or to investigate circumstances that indicate unlawful activity.<\/p>\r\n<p>Obligations to remove or block the use of information under general law remain unaffected. However, liability in this respect is only possible from the moment of knowledge of a specific legal infringement. If we become aware of such violations, we will remove this content immediately.<\/p>\r\n\r\n<h4 class=\"wp-block-heading\">Liability for Links<\/h4>\r\n\r\n<p>Our website contains links to external websites of third parties, over whose content we have no influence. Therefore, we cannot accept any liability for this external content. The respective provider or operator is always responsible for the content of the linked pages. The linked pages were checked for legal violations at the time of linking. Illegal content was not identifiable at the time of linking.<\/p>\r\n<p>However, permanent content control of linked pages is not reasonable without concrete evidence of a violation of the law. If we become aware of any legal infringements, we will remove such links immediately.<\/p>\r\n\r\n<h4 class=\"wp-block-heading\">Copyright<\/h4>\r\n\r\n<p>The content and works created by the site operators on these pages are subject to German copyright law. Duplication, processing, distribution and any kind of use outside the limits of copyright law require the written consent of the respective author or creator.<\/p>\r\n<p>Downloads and copies of this site are only permitted for private, non-commercial use. Insofar as the content on this site was not created by the operator, the copyrights of third parties are respected. Third-party content is marked as such. If you still notice a copyright infringement, please let us know. Upon becoming aware of legal violations, we will remove such content immediately.<\/p>\r\n\r\n<h4 class=\"wp-block-heading\">Image Rights<\/h4>\r\n\r\n<p>Adobe Stock<\/p>\r\n\r\n<h4 class=\"wp-block-heading\">CONVOTIS Group<\/h4>\r\n\r\n\r\n\r\n<h5 class=\"wp-block-heading\">Germany<\/h5>\r\n<h5><\/h5>\r\n<p>CONVOTIS GmbH, Heinz-Fr\u00f6ling-Stra\u00dfe 15, 51429 Bergisch Gladbach, HRB 95486, VAT-ID: DE345235136<br \/>CONVOTIS Deutschland GmbH, Max-Eyth-Stra\u00dfe 21, 72622 N\u00fcrtingen, HRB 225678, VAT-ID: DE813780852<br \/>CONVOTIS K\u00f6ln GmbH, Heinz-Fr\u00f6ling-Stra\u00dfe 15, 51429 Bergisch Gladbach, HRB 45686, VAT-ID: DE121979743<br \/>CONVOTIS M\u00fcnster GmbH, Robert-Bosch-Stra\u00dfe 17a, 48153 M\u00fcnster, HRB 10519, VAT-ID: DE208339572<br \/>CONVOTIS atypisch GmbH, Max-Eyth-Stra\u00dfe 19-21, 72622 N\u00fcrtingen, HRB 754167, VAT-ID: DE302334437<br \/>CONVOTIS Freiburg AG, Heinrich-von-Stephan-Stra\u00dfe 20, 79100 Freiburg, HRB 712362, VAT-ID: DE129456095<br \/>CONVOTIS CS GmbH, Heinrich-von-Stephan-Stra\u00dfe 20, 79100 Freiburg, HRB 717133, VAT-ID: DE315939468<\/p>\r\n<h5><\/h5>\r\n<h5 class=\"wp-block-heading\">Austria<\/h5>\r\n<h5><\/h5>\r\n<p>CONVOTIS Holding Austria GmbH, Guglgasse 15\/4a, 1110 Wien, FN 486357g, USt-ID: ATU77648404<br \/>CONVOTIS Services GmbH, Guglgasse 15\/4a, 1110 Wien, FN 239937z, USt-ID: ATU57400100<\/p>\r\n\r\n<h5 class=\"wp-block-heading\"><\/h5>\r\n<h5 class=\"wp-block-heading\">Switzerland<\/h5>\r\n<h5><\/h5>\r\n<p>CONVOTIS Schweiz AG, Riedstra\u00dfe 1, 6343 Rotkreuz, EHRA-ID 418941, VAT-ID: CHE-104.056.945<\/p>\r\n<h5>Spain<\/h5>\r\n<p>CONVOTIS Iberia SL, C. Severo Ochoa 46, planta 2, 03203 Elche, Alicante, CIF: B42617829, VAT-ID: ESB42617829<br \/>CONVOTIS Advanced Center SL, C. Severo Ochoa 46, planta 2, 03203 Elche, Alicante, CIF: B42549303, VAT-ID: ESB42549303<br \/>CONVOTIS Gestion SL, C. Severo Ochoa 46, planta 2, 03203 Elche, Alicante, CIF: B42614982, VAT-ID: ESB42614982<\/p>\r\n<h5><\/h5>\r\n<h5 class=\"wp-block-heading\">Luxembourg<\/h5>\r\n<h5><\/h5>\r\n<p>CONVOTIS Financial Solutions S.\u00e0 r.l., 2 rue Edward Steichen, 2540 Luxembourg, RCS B209774, VAT-ID: LU28867649<\/p>\r\n<p>&nbsp;<\/p>\r\n<p>&nbsp;<\/p>\r\n<p>&nbsp;<\/p>","protected":false},"excerpt":{"rendered":"<p>Imprint Information according to \u00a7 5 DDG CONVOTIS GmbHHeinz-Fr\u00f6ling-Stra\u00dfe 15\u00a0\u00a051429 Bergisch GladbachGermany Contact info@convotis.comPhone +49 211 545721 \u2013 700 Represented by Jos\u00e9 Lopez, Christina Nagel Commercial Register Registry court: Amtsgericht K\u00f6lnCommercial register: HRB 95486VAT-ID: DE345235136 Responsible under \u00a7 18 Para. 2 MStV Sabrina LischkaGuglgasse 15\/4a1110 Vienna EU Dispute Resolution The European Commission provides a platform [&hellip;]<\/p>\n","protected":false},"author":3,"featured_media":0,"parent":0,"menu_order":0,"comment_status":"closed","ping_status":"closed","template":"","meta":{"_acf_changed":false,"content-type":"","footnotes":""},"class_list":["post-8375","page","type-page","status-publish","hentry"],"acf":[],"yoast_head":"<!-- This site is optimized with the Yoast SEO Premium plugin v27.4 (Yoast SEO v27.4) - https:\/\/yoast.com\/product\/yoast-seo-premium-wordpress\/ -->\n<title>Imprint - CONVOTIS Iberia<\/title>\n<meta name=\"description\" content=\"Find legal information in the imprint of the CONVOTIS website. All legal details at a glance.\" \/>\n<meta name=\"robots\" content=\"index, follow, max-snippet:-1, max-image-preview:large, max-video-preview:-1\" \/>\n<link rel=\"canonical\" href=\"https:\/\/www.convotis.com\/es\/en\/imprint\/\" \/>\n<meta property=\"og:locale\" content=\"en_US\" \/>\n<meta property=\"og:type\" content=\"article\" \/>\n<meta property=\"og:title\" content=\"Imprint - CONVOTIS Iberia\" \/>\n<meta property=\"og:description\" content=\"Find legal information in the imprint of the CONVOTIS website. All legal details at a glance.\" \/>\n<meta property=\"og:url\" content=\"https:\/\/www.convotis.com\/es\/en\/imprint\/\" \/>\n<meta property=\"og:site_name\" content=\"CONVOTIS Iberia\" \/>\n<meta property=\"article:modified_time\" content=\"2026-04-08T10:32:35+00:00\" \/>\n<meta name=\"twitter:card\" content=\"summary_large_image\" \/>\n<meta name=\"twitter:label1\" content=\"Est. reading time\" \/>\n\t<meta name=\"twitter:data1\" content=\"3 minutes\" \/>\n<script type=\"application\/ld+json\" class=\"yoast-schema-graph\">{\"@context\":\"https:\\\/\\\/schema.org\",\"@graph\":[{\"@type\":\"WebPage\",\"@id\":\"https:\\\/\\\/www.convotis.com\\\/es\\\/en\\\/imprint\\\/\",\"url\":\"https:\\\/\\\/www.convotis.com\\\/es\\\/en\\\/imprint\\\/\",\"name\":\"Imprint - CONVOTIS Iberia\",\"isPartOf\":{\"@id\":\"https:\\\/\\\/www.convotis.com\\\/es\\\/#website\"},\"datePublished\":\"2022-09-28T09:28:49+00:00\",\"dateModified\":\"2026-04-08T10:32:35+00:00\",\"description\":\"Find legal information in the imprint of the CONVOTIS website. All legal details at a glance.\",\"inLanguage\":\"en-US\",\"potentialAction\":[{\"@type\":\"ReadAction\",\"target\":[\"https:\\\/\\\/www.convotis.com\\\/es\\\/en\\\/imprint\\\/\"]}]},{\"@type\":\"WebSite\",\"@id\":\"https:\\\/\\\/www.convotis.com\\\/es\\\/#website\",\"url\":\"https:\\\/\\\/www.convotis.com\\\/es\\\/\",\"name\":\"CONVOTIS\",\"description\":\"For Europe&#039;s digital future.\",\"publisher\":{\"@id\":\"https:\\\/\\\/www.convotis.com\\\/es\\\/#organization\"},\"potentialAction\":[{\"@type\":\"SearchAction\",\"target\":{\"@type\":\"EntryPoint\",\"urlTemplate\":\"https:\\\/\\\/www.convotis.com\\\/es\\\/?s={search_term_string}\"},\"query-input\":{\"@type\":\"PropertyValueSpecification\",\"valueRequired\":true,\"valueName\":\"search_term_string\"}}],\"inLanguage\":\"en-US\"},{\"@type\":\"Organization\",\"@id\":\"https:\\\/\\\/www.convotis.com\\\/es\\\/#organization\",\"name\":\"CONVOTIS\",\"url\":\"https:\\\/\\\/www.convotis.com\\\/es\\\/\",\"logo\":{\"@type\":\"ImageObject\",\"inLanguage\":\"en-US\",\"@id\":\"https:\\\/\\\/www.convotis.com\\\/es\\\/#\\\/schema\\\/logo\\\/image\\\/\",\"url\":\"https:\\\/\\\/www.convotis.com\\\/es\\\/wp-content\\\/uploads\\\/sites\\\/3\\\/2025\\\/08\\\/Convotis_blue_cmyk300dpi-scaled.png\",\"contentUrl\":\"https:\\\/\\\/www.convotis.com\\\/es\\\/wp-content\\\/uploads\\\/sites\\\/3\\\/2025\\\/08\\\/Convotis_blue_cmyk300dpi-scaled.png\",\"width\":2560,\"height\":411,\"caption\":\"CONVOTIS\"},\"image\":{\"@id\":\"https:\\\/\\\/www.convotis.com\\\/es\\\/#\\\/schema\\\/logo\\\/image\\\/\"},\"sameAs\":[\"https:\\\/\\\/www.linkedin.com\\\/company\\\/convotis-gmbh\\\/\"]}]}<\/script>\n<!-- \/ Yoast SEO Premium plugin. -->","yoast_head_json":{"title":"Imprint - CONVOTIS Iberia","description":"Find legal information in the imprint of the CONVOTIS website. All legal details at a glance.","robots":{"index":"index","follow":"follow","max-snippet":"max-snippet:-1","max-image-preview":"max-image-preview:large","max-video-preview":"max-video-preview:-1"},"canonical":"https:\/\/www.convotis.com\/es\/en\/imprint\/","og_locale":"en_US","og_type":"article","og_title":"Imprint - CONVOTIS Iberia","og_description":"Find legal information in the imprint of the CONVOTIS website. All legal details at a glance.","og_url":"https:\/\/www.convotis.com\/es\/en\/imprint\/","og_site_name":"CONVOTIS Iberia","article_modified_time":"2026-04-08T10:32:35+00:00","twitter_card":"summary_large_image","twitter_misc":{"Est. reading time":"3 minutes"},"schema":{"@context":"https:\/\/schema.org","@graph":[{"@type":"WebPage","@id":"https:\/\/www.convotis.com\/es\/en\/imprint\/","url":"https:\/\/www.convotis.com\/es\/en\/imprint\/","name":"Imprint - CONVOTIS Iberia","isPartOf":{"@id":"https:\/\/www.convotis.com\/es\/#website"},"datePublished":"2022-09-28T09:28:49+00:00","dateModified":"2026-04-08T10:32:35+00:00","description":"Find legal information in the imprint of the CONVOTIS website. All legal details at a glance.","inLanguage":"en-US","potentialAction":[{"@type":"ReadAction","target":["https:\/\/www.convotis.com\/es\/en\/imprint\/"]}]},{"@type":"WebSite","@id":"https:\/\/www.convotis.com\/es\/#website","url":"https:\/\/www.convotis.com\/es\/","name":"CONVOTIS","description":"For Europe&#039;s digital future.","publisher":{"@id":"https:\/\/www.convotis.com\/es\/#organization"},"potentialAction":[{"@type":"SearchAction","target":{"@type":"EntryPoint","urlTemplate":"https:\/\/www.convotis.com\/es\/?s={search_term_string}"},"query-input":{"@type":"PropertyValueSpecification","valueRequired":true,"valueName":"search_term_string"}}],"inLanguage":"en-US"},{"@type":"Organization","@id":"https:\/\/www.convotis.com\/es\/#organization","name":"CONVOTIS","url":"https:\/\/www.convotis.com\/es\/","logo":{"@type":"ImageObject","inLanguage":"en-US","@id":"https:\/\/www.convotis.com\/es\/#\/schema\/logo\/image\/","url":"https:\/\/www.convotis.com\/es\/wp-content\/uploads\/sites\/3\/2025\/08\/Convotis_blue_cmyk300dpi-scaled.png","contentUrl":"https:\/\/www.convotis.com\/es\/wp-content\/uploads\/sites\/3\/2025\/08\/Convotis_blue_cmyk300dpi-scaled.png","width":2560,"height":411,"caption":"CONVOTIS"},"image":{"@id":"https:\/\/www.convotis.com\/es\/#\/schema\/logo\/image\/"},"sameAs":["https:\/\/www.linkedin.com\/company\/convotis-gmbh\/"]}]}},"_links":{"self":[{"href":"https:\/\/www.convotis.com\/es\/wp-json\/wp\/v2\/pages\/8375","targetHints":{"allow":["GET"]}}],"collection":[{"href":"https:\/\/www.convotis.com\/es\/wp-json\/wp\/v2\/pages"}],"about":[{"href":"https:\/\/www.convotis.com\/es\/wp-json\/wp\/v2\/types\/page"}],"author":[{"embeddable":true,"href":"https:\/\/www.convotis.com\/es\/wp-json\/wp\/v2\/users\/3"}],"replies":[{"embeddable":true,"href":"https:\/\/www.convotis.com\/es\/wp-json\/wp\/v2\/comments?post=8375"}],"version-history":[{"count":149,"href":"https:\/\/www.convotis.com\/es\/wp-json\/wp\/v2\/pages\/8375\/revisions"}],"predecessor-version":[{"id":49515,"href":"https:\/\/www.convotis.com\/es\/wp-json\/wp\/v2\/pages\/8375\/revisions\/49515"}],"wp:attachment":[{"href":"https:\/\/www.convotis.com\/es\/wp-json\/wp\/v2\/media?parent=8375"}],"curies":[{"name":"wp","href":"https:\/\/api.w.org\/{rel}","templated":true}]}}